{"id":397,"date":"2018-12-12T09:19:07","date_gmt":"2018-12-12T09:19:07","guid":{"rendered":"https:\/\/marismarehotels.com\/?page_id=397"},"modified":"2020-01-29T09:55:40","modified_gmt":"2020-01-29T09:55:40","slug":"about-us","status":"publish","type":"page","link":"https:\/\/marismarehotels.com\/de\/about-us\/","title":{"rendered":"About us"},"content":{"rendered":"<p>[vc_row full_width=&#8221;stretch_row_content_no_spaces&#8221;][vc_column][vc_single_image image=&#8221;388&#8243; img_size=&#8221;full&#8221;][\/vc_column][\/vc_row][vc_row][vc_column][vc_column_text]<\/p>\n<h1>ABOUT US<\/h1>\n<div id=\"tw-target-text-container\" class=\"gsrt tw-ta-container tw-nfl\">\n<div class=\"tw-swapa\">\n<div class=\"DHcWmd\"><\/div>\n<\/div>\n<div class=\"oSioSc\">\n<div id=\"tw-target\">\n<div id=\"tw-target-text-container\" class=\"gsrt tw-ta-container tw-nfl\">\n<p>Marismare Hotels ist eine der f\u00fchrenden Hotelketten in Zypern.<br \/>\nWir haben die besten sunspot-Standorte f\u00fcr unsere Hotels, Hotelappartements und Feriend\u00f6rfer auf der Insel ausgew\u00e4hlt, in den beliebtesten Touristenzielen Zyperns, n\u00e4mlich Ayia Napa, Protaras und Paphos.<br \/>\nWir engagieren uns f\u00fcr \u00fcberlegene Leistungen, eine pers\u00f6nliche Note und Individualit\u00e4t. Die Konsistenz unserer Dienstleistungen und die Hingabe an Professionalit\u00e4t sind die Zeichen unseres Erfolgs. Mit einer Reihe von M\u00f6glichkeiten in der Unterkunft, jeder Reisende hat die F\u00e4higkeit, Ihren Aufenthalt nach Ihren Bed\u00fcrfnissen anzupassen.<br \/>\nZypern ist eine Insel mit einer gro\u00dfen Geschichte, die selbst die anspruchsvollsten Reisenden faszinieren wird. Dank seiner reichen Kultur, warmen Klima und freundlichen und gastfreundlichen Menschen, Zypern hat sich zu einem der beliebtesten Urlaubsziele im Mittelmeer. Es verbindet aufregendes Nachtleben, tolle shopping oder Ruhe und gelassenheit f\u00fcr diejenigen, die Weg von allem wollen. Sch\u00f6ne Landschaften mit abwechslungsreicher flora und fauna, bergwandern, zusammen mit den zahlreichen K\u00fcsten mit kristallklarem Wasser und Sandstr\u00e4nden, f\u00fchlen Sie sich wie im Paradies. Kosmopolitisch, aber traditionell, mit ausgezeichneten Einrichtungen f\u00fcr den Reisenden.<br \/>\nEntdecken Sie Zypern, die Insel Aphrodite und Ihre Menschen! Entdecken Sie die Welt der Marismare Hotels, wo wir die Kunst kennen, Ihre h\u00f6chsten Erwartungen zu erf\u00fcllen.<\/p>\n<\/div>\n<\/div>\n<\/div>\n<\/div>\n<p>[\/vc_column_text][\/vc_column][\/vc_row]<\/p>","protected":false},"excerpt":{"rendered":"<p>[vc_row full_width=&#8221;stretch_row_content_no_spaces&#8221;][vc_column][vc_single_image image=&#8221;388&#8243; img_size=&#8221;full&#8221;][\/vc_column][\/vc_row][vc_row][vc_column][vc_column_text] ABOUT US Marismare Hotels ist eine der f\u00fchrenden Hotelketten in Zypern. Wir haben die besten sunspot-Standorte f\u00fcr unsere Hotels, Hotelappartements und Feriend\u00f6rfer auf der Insel ausgew\u00e4hlt, in den beliebtesten Touristenzielen Zyperns, n\u00e4mlich Ayia Napa, Protaras und Paphos. Wir engagieren uns f\u00fcr \u00fcberlegene Leistungen, eine pers\u00f6nliche Note und Individualit\u00e4t. Die Konsistenz unserer [&hellip;]<\/p>\n","protected":false},"author":1,"featured_media":0,"parent":0,"menu_order":0,"comment_status":"closed","ping_status":"closed","template":"","meta":{"footnotes":""},"acf":[],"_links":{"self":[{"href":"https:\/\/marismarehotels.com\/de\/wp-json\/wp\/v2\/pages\/397"}],"collection":[{"href":"https:\/\/marismarehotels.com\/de\/wp-json\/wp\/v2\/pages"}],"about":[{"href":"https:\/\/marismarehotels.com\/de\/wp-json\/wp\/v2\/types\/page"}],"author":[{"embeddable":true,"href":"https:\/\/marismarehotels.com\/de\/wp-json\/wp\/v2\/users\/1"}],"replies":[{"embeddable":true,"href":"https:\/\/marismarehotels.com\/de\/wp-json\/wp\/v2\/comments?post=397"}],"version-history":[{"count":13,"href":"https:\/\/marismarehotels.com\/de\/wp-json\/wp\/v2\/pages\/397\/revisions"}],"predecessor-version":[{"id":1372,"href":"https:\/\/marismarehotels.com\/de\/wp-json\/wp\/v2\/pages\/397\/revisions\/1372"}],"wp:attachment":[{"href":"https:\/\/marismarehotels.com\/de\/wp-json\/wp\/v2\/media?parent=397"}],"curies":[{"name":"wp","href":"https:\/\/api.w.org\/{rel}","templated":true}]}}