{"id":312,"date":"2018-12-07T14:50:09","date_gmt":"2018-12-07T14:50:09","guid":{"rendered":"https:\/\/marismarehotels.com\/?page_id=312"},"modified":"2025-07-15T07:44:24","modified_gmt":"2025-07-15T07:44:24","slug":"restaurants-and-bars","status":"publish","type":"page","link":"https:\/\/marismarehotels.com\/de\/hotels\/eleni-hotel\/restaurants-and-bars\/","title":{"rendered":"Restaurants und Bars"},"content":{"rendered":"<p>[vc_row][vc_column][vc_column_text]<\/p>\n<h2>Restaurants und Bars<\/h2>\n<p>Gro\u00dfes Restaurant: Unser Indoor-Restaurant bietet ganzt\u00e4gig eine gro\u00dfe Auswahl an internationalen und lokalen Spezialit\u00e4ten und eine gro\u00dfe Auswahl an lokalen Weinen.\u00a0 Au\u00dferdem wird t\u00e4glich ein reichhaltiges Fr\u00fchst\u00fccksbuffet serviert.<\/p>\n<p>Open Air Taverne: Gleich neben dem Restaurant bietet sie in der Sommersaison eine gro\u00dfe Auswahl an internationalen und lokalen Spezialit\u00e4ten mit einer gro\u00dfen Auswahl an lokalen Weinen.<\/p>\n<p>Hauptbar &amp; Poolbar: Genie\u00dfen Sie in entspannter Atmosph\u00e4re eine gro\u00dfe Auswahl an Snacks, exotischen Cocktails, speziellen Kaffees und allen beliebten klassischen Drinks.[\/vc_column_text][\/vc_column][\/vc_row]<\/p>","protected":false},"excerpt":{"rendered":"<p>[vc_row][vc_column][vc_column_text] Restaurants und Bars Gro\u00dfes Restaurant: Unser Indoor-Restaurant bietet ganzt\u00e4gig eine gro\u00dfe Auswahl an internationalen und lokalen Spezialit\u00e4ten und eine gro\u00dfe Auswahl an lokalen Weinen.\u00a0 Au\u00dferdem wird t\u00e4glich ein reichhaltiges Fr\u00fchst\u00fccksbuffet serviert. Open Air Taverne: Gleich neben dem Restaurant bietet sie in der Sommersaison eine gro\u00dfe Auswahl an internationalen und lokalen Spezialit\u00e4ten mit einer gro\u00dfen [&hellip;]<\/p>\n","protected":false},"author":1,"featured_media":3176,"parent":229,"menu_order":0,"comment_status":"closed","ping_status":"closed","template":"page-inner.php","meta":{"footnotes":""},"acf":[],"_links":{"self":[{"href":"https:\/\/marismarehotels.com\/de\/wp-json\/wp\/v2\/pages\/312"}],"collection":[{"href":"https:\/\/marismarehotels.com\/de\/wp-json\/wp\/v2\/pages"}],"about":[{"href":"https:\/\/marismarehotels.com\/de\/wp-json\/wp\/v2\/types\/page"}],"author":[{"embeddable":true,"href":"https:\/\/marismarehotels.com\/de\/wp-json\/wp\/v2\/users\/1"}],"replies":[{"embeddable":true,"href":"https:\/\/marismarehotels.com\/de\/wp-json\/wp\/v2\/comments?post=312"}],"version-history":[{"count":20,"href":"https:\/\/marismarehotels.com\/de\/wp-json\/wp\/v2\/pages\/312\/revisions"}],"predecessor-version":[{"id":3203,"href":"https:\/\/marismarehotels.com\/de\/wp-json\/wp\/v2\/pages\/312\/revisions\/3203"}],"up":[{"embeddable":true,"href":"https:\/\/marismarehotels.com\/de\/wp-json\/wp\/v2\/pages\/229"}],"wp:featuredmedia":[{"embeddable":true,"href":"https:\/\/marismarehotels.com\/de\/wp-json\/wp\/v2\/media\/3176"}],"wp:attachment":[{"href":"https:\/\/marismarehotels.com\/de\/wp-json\/wp\/v2\/media?parent=312"}],"curies":[{"name":"wp","href":"https:\/\/api.w.org\/{rel}","templated":true}]}}