{"id":253,"date":"2018-12-07T13:57:33","date_gmt":"2018-12-07T13:57:33","guid":{"rendered":"https:\/\/marismarehotels.com\/?page_id=253"},"modified":"2023-06-16T09:26:13","modified_gmt":"2023-06-16T09:26:13","slug":"accommodation","status":"publish","type":"page","link":"https:\/\/marismarehotels.com\/de\/hotels\/marismare-apartments\/accommodation\/","title":{"rendered":"Unterkunft"},"content":{"rendered":"<p>[vc_row][vc_column][vc_column_text]<\/p>\n<h1 style=\"text-align: center;\">UNTERBRINGUNG<\/h1>\n<p>[\/vc_column_text][vc_column_text]Wohneinheiten insgesamt: 359 (144 Studios, 215 Wohn- &amp; Schlafzimmer)<\/p>\n<p>&nbsp;<\/p>\n<p>Studios: Offenes Wohn-Esszimmer mit Kochnische, Radio, stehendem K\u00fchlschrank, Direktwahl-Telefon, Klimaanlage, Safe, Wasserkocher, Toaster, Kaffeemaschine, Satelliten-TV, Bad\/Dusche, Balkon oder Terrasse.<\/p>\n<p>&nbsp;<\/p>\n<p>Wohn- &amp; Schlafzimmer-Appartements: Ein Zweibett-Schlafzimmer mit Klimaanlage, stehendem K\u00fchlschrank, Direktwahl-Telefon, Radio und Safe.\u00a0 Offenes Wohn-\/Esszimmer mit Kochnische, Bad\/Dusche, Satelliten-TV, Wasserkocher, Toaster, Kaffeemaschine, Balkon oder Terrasse.<\/p>\n<p>&nbsp;<\/p>\n<p>Superior-Zimmer: Hochwertige Studios und Wohn-\/Schlafzimmer-Appartments, zus\u00e4tzlich ausgestattet mit gehobenem Materialstandard und extra Sonnenschirm mit zwei Sonnenliegen, Massageduschkopf, Haarf\u00f6hn, B\u00fcgeleisen, B\u00fcgelbrett und Mikrowelle.[\/vc_column_text][\/vc_column][\/vc_row][vc_row][vc_column][vc_media_grid grid_id=&#8221;vc_gid:1557837839893-36f96877-48c8-9&#8243; include=&#8221;768,769,770&#8243;][\/vc_column][\/vc_row]<\/p>","protected":false},"excerpt":{"rendered":"<p>[vc_row][vc_column][vc_column_text] UNTERBRINGUNG [\/vc_column_text][vc_column_text]Wohneinheiten insgesamt: 359 (144 Studios, 215 Wohn- &amp; Schlafzimmer) &nbsp; Studios: Offenes Wohn-Esszimmer mit Kochnische, Radio, stehendem K\u00fchlschrank, Direktwahl-Telefon, Klimaanlage, Safe, Wasserkocher, Toaster, Kaffeemaschine, Satelliten-TV, Bad\/Dusche, Balkon oder Terrasse. &nbsp; Wohn- &amp; Schlafzimmer-Appartements: Ein Zweibett-Schlafzimmer mit Klimaanlage, stehendem K\u00fchlschrank, Direktwahl-Telefon, Radio und Safe.\u00a0 Offenes Wohn-\/Esszimmer mit Kochnische, Bad\/Dusche, Satelliten-TV, Wasserkocher, Toaster, Kaffeemaschine, Balkon [&hellip;]<\/p>\n","protected":false},"author":1,"featured_media":2994,"parent":208,"menu_order":0,"comment_status":"closed","ping_status":"closed","template":"page-inner.php","meta":{"footnotes":""},"acf":[],"_links":{"self":[{"href":"https:\/\/marismarehotels.com\/de\/wp-json\/wp\/v2\/pages\/253"}],"collection":[{"href":"https:\/\/marismarehotels.com\/de\/wp-json\/wp\/v2\/pages"}],"about":[{"href":"https:\/\/marismarehotels.com\/de\/wp-json\/wp\/v2\/types\/page"}],"author":[{"embeddable":true,"href":"https:\/\/marismarehotels.com\/de\/wp-json\/wp\/v2\/users\/1"}],"replies":[{"embeddable":true,"href":"https:\/\/marismarehotels.com\/de\/wp-json\/wp\/v2\/comments?post=253"}],"version-history":[{"count":20,"href":"https:\/\/marismarehotels.com\/de\/wp-json\/wp\/v2\/pages\/253\/revisions"}],"predecessor-version":[{"id":3000,"href":"https:\/\/marismarehotels.com\/de\/wp-json\/wp\/v2\/pages\/253\/revisions\/3000"}],"up":[{"embeddable":true,"href":"https:\/\/marismarehotels.com\/de\/wp-json\/wp\/v2\/pages\/208"}],"wp:featuredmedia":[{"embeddable":true,"href":"https:\/\/marismarehotels.com\/de\/wp-json\/wp\/v2\/media\/2994"}],"wp:attachment":[{"href":"https:\/\/marismarehotels.com\/de\/wp-json\/wp\/v2\/media?parent=253"}],"curies":[{"name":"wp","href":"https:\/\/api.w.org\/{rel}","templated":true}]}}