{"id":213,"date":"2018-12-07T12:53:09","date_gmt":"2018-12-07T12:53:09","guid":{"rendered":"https:\/\/marismare.com\/?page_id=213"},"modified":"2026-01-21T09:35:49","modified_gmt":"2026-01-21T09:35:49","slug":"hotels","status":"publish","type":"page","link":"https:\/\/marismarehotels.com\/de\/hotels\/","title":{"rendered":"OUR HOTELS"},"content":{"rendered":"<p><\/p>\n<p>[vc_row full_width=&#8221;stretch_row_content_no_spaces&#8221; el_id=&#8221;ctws-home-slider&#8221;][vc_column][rev_slider_vc alias=&#8221;ctws-home-slider&#8221;][\/vc_column][\/vc_row][vc_row css=&#8221;.vc_custom_1544709844291{padding-top: 20px !important;}&#8221;][vc_column width=&#8221;1\/3&#8243;][vc_single_image image=&#8221;838&#8243; img_size=&#8221;360&#215;240&#8243;][vc_column_text]<a href=\"https:\/\/marismarehotels.com\/hotels\/akteon-holliday-village\/\"><strong>AKTEON HOLIDAY VILLAGE<\/strong><\/a><\/p>\n<p>Das Akteon Tourist Village, Kategorie A, liegt an der Strandpromenade des Dorfes Chloracas in Paphos. Es ist umgeben von malerisch angelegten G\u00e4rten mit herrlichem Blick auf das Meer.[\/vc_column_text]\r<!-- rt-button2 -->\r<div class=\"rt-button2 element-two hover-style-one ex6cf3f7bb768458c  \"  data-button-direction=\"left\" data-button-fullwidth=\"false\" ><a style=\" color: #ffffff; font-size: 13;font-family:Abril Fatface; font-weight:400; font-style:normal; \" class=\"rt-button2-main  vc_custom_1544780625618\" href=\"http:\/\/marismarehotels.com\/hotels\/akteon-holliday-village\/\"  title=\"http:\/\/marismarehotels.com\/hotels\/akteon-holliday-village\/\" target=\"_self\"><div class=\"overlay\"><\/div><div class=\"placeholder\">READ MORE<\/div><\/a><\/div>\r<!-- rt-button2 -->\r[\/vc_column][vc_column width=&#8221;1\/3&#8243;][vc_single_image image=&#8221;653&#8243; img_size=&#8221;360&#215;240&#8243;][vc_column_text]<a href=\"https:\/\/marismarehotels.com\/hotels\/aqua-sol-holiday-village-water-park\/\"><strong>AQUA SOL HOLIDAY VILLAGE AND WATER PARK<\/strong><\/a><\/p>\n<p>Gem\u00e4chlich sich treiben lassen im Str\u00f6mungskanal oder mutig eine der Multi-Rutschen hinuntergleiten, der hauseigene und kostenlose Wasserpark macht dieses ohnehin schon beliebte All-Inclusive-Hotel zu einem echten Hit f\u00fcr Familien und Paare. An einem eigenen Strandabschnitt, mit Studios und Appartements f\u00fcr jede Familiengr\u00f6\u00dfe werden Sie einen fantastischen Aufenthalt erleben.[\/vc_column_text]\r<!-- rt-button2 -->\r<div class=\"rt-button2 element-two hover-style-one exa2259fd0fbaf06d  \"  data-button-direction=\"left\" data-button-fullwidth=\"false\" ><a style=\" color: #ffffff; font-size: 13;font-family:Abril Fatface; font-weight:400; font-style:normal; \" class=\"rt-button2-main  vc_custom_1544780728729\" href=\"http:\/\/marismarehotels.com\/hotels\/aqua-sol-holiday-village-water-park\/\"  title=\"http:\/\/marismarehotels.com\/hotels\/aqua-sol-holiday-village-water-park\/\" target=\"_self\"><div class=\"overlay\"><\/div><div class=\"placeholder\">READ MORE<\/div><\/a><\/div>\r<!-- rt-button2 -->\r[\/vc_column][vc_column width=&#8221;1\/3&#8243;][vc_single_image image=&#8221;394&#8243; img_size=&#8221;360&#215;240&#8243;][vc_column_text]<a href=\"https:\/\/marismarehotels.com\/hotels\/eleni-holiday-village\/\"><strong>ELENI HOLIDAY VILLAGE<\/strong><\/a><\/p>\n<p>Die Anlage bietet insgesamt 141 Wohneinheiten. Die G\u00e4ste des Hauses werden in der Lobby begr\u00fc\u00dft, mit 24-Stunden-Rezeption und -Checkout-Service. Dienstleistungen wie ein Safe und eine Wechselstube sichern einen angenehmen Aufenthalt. Internetzugang in den \u00f6ffentlichen und Pool-Bereichen gegen Geb\u00fchr und kostenloses WLAN in der Lobby.[\/vc_column_text]\r<!-- rt-button2 -->\r<div class=\"rt-button2 element-two hover-style-one exbfd1fa74f675d50  \"  data-button-direction=\"left\" data-button-fullwidth=\"false\" ><a style=\" color: #ffffff; font-size: 13;font-family:Abril Fatface; font-weight:400; font-style:normal; \" class=\"rt-button2-main  vc_custom_1544781879461\" href=\"http:\/\/marismarehotels.com\/hotels\/eleni-holiday-village\/\"  title=\"http:\/\/marismarehotels.com\/hotels\/eleni-holiday-village\/\" target=\"_self\"><div class=\"overlay\"><\/div><div class=\"placeholder\">READ MORE<\/div><\/a><\/div>\r<!-- rt-button2 -->\r[\/vc_column][\/vc_row][vc_row css=&#8221;.vc_custom_1544773802710{padding-top: 20px !important;}&#8221;][vc_column width=&#8221;1\/3&#8243;][vc_single_image image=&#8221;395&#8243; img_size=&#8221;360&#215;240&#8243;][vc_column_text]<a href=\"https:\/\/marismarehotels.com\/hotels\/panthea-holiday-village\/\"><strong>PANTHEA HOLIDAY VILLAGE<\/strong><\/a><br \/>\nTraditionally styled, Panthea Holiday Village enjoys a prime location in the resort of Ayia Napa and has a front view directly to the Mediterranean sea.<\/p>\n<p>[\/vc_column_text]\r<!-- rt-button2 -->\r<div class=\"rt-button2 element-two hover-style-one ex131005edff8982a  \"  data-button-direction=\"left\" data-button-fullwidth=\"false\" ><a style=\" color: #ffffff; font-size: 13;font-family:Abril Fatface; font-weight:400; font-style:normal; \" class=\"rt-button2-main  vc_custom_1544802337149\" href=\"http:\/\/marismarehotels.com\/hotels\/panthea-holiday-village\/\"  title=\"http:\/\/marismarehotels.com\/hotels\/panthea-holiday-village\/\" target=\"_self\"><div class=\"overlay\"><\/div><div class=\"placeholder\">READ MORE<\/div><\/a><\/div>\r<!-- rt-button2 -->\r[\/vc_column][vc_column width=&#8221;1\/3&#8243;][vc_single_image image=&#8221;391&#8243; img_size=&#8221;360&#215;240&#8243;][vc_column_text]<a href=\"https:\/\/marismarehotels.com\/hotels\/callisto-holiday-village\/\"><strong>CALLISTO HOLIDAY VILLAGE<\/strong><\/a><br \/>\nCallisto wurde gezielt 1,5 km vom Zentrum von Ayia Napa erbaut. Alle wichtigen Unterhaltungs- und Einkaufsm\u00f6glichkeiten sind sehr gut erreichbar und der Flughafen Larnaca ist nur 45 km entfernt. Callisto liegt direkt an einem Sandstrand mit freiem Blick auf das Mittelmeer.[\/vc_column_text]\r<!-- rt-button2 -->\r<div class=\"rt-button2 element-two hover-style-one ex441f95d841ae79e  \"  data-button-direction=\"left\" data-button-fullwidth=\"false\" ><a style=\" color: #ffffff; font-size: 13;font-family:Abril Fatface; font-weight:400; font-style:normal; \" class=\"rt-button2-main  vc_custom_1544802294933\" href=\"http:\/\/marismarehotels.com\/hotels\/callisto-holiday-village\/\"  title=\"http:\/\/marismarehotels.com\/hotels\/callisto-holiday-village\/\" target=\"_self\"><div class=\"overlay\"><\/div><div class=\"placeholder\">READ MORE<\/div><\/a><\/div>\r<!-- rt-button2 -->\r[\/vc_column][vc_column width=&#8221;1\/3&#8243;][vc_single_image image=&#8221;1440&#8243; img_size=&#8221;360&#215;240&#8243;][vc_column_text]<strong><a href=\"https:\/\/marismarehotels.com\/hotels\/narcissos-water-resort\/\">NARCISSOS WATERPARK RESORT<\/a><\/strong><\/p>\n<p>Gelegen in Protaras, in einer ruhigen und beschaulichen Umgebung in Strandn\u00e4he. Ein beeindruckendes, modern eingerichtetes Resort mit ruhigem Blick auf den Freiform-Pool mit Font\u00e4nen, Gr\u00fcnfl\u00e4chen und G\u00e4rten und einem zeitgem\u00e4\u00dfen Erlebnisbad.<\/p>\n<p>&nbsp;<\/p>\n<p><strong>OPERATED BY INDESOL COMPANY LTD ( Narcissos Waterperk Resort)<\/strong>[\/vc_column_text]\r<!-- rt-button2 -->\r<div class=\"rt-button2 element-two hover-style-one exf5ac75947f9ef83  \"  data-button-direction=\"left\" data-button-fullwidth=\"false\" ><a style=\" color: #ffffff; font-size: 13;font-family:Abril Fatface; font-weight:400; font-style:normal; \" class=\"rt-button2-main  vc_custom_1548424632073\" href=\"http:\/\/marismarehotels.com\/hotels\/narcissos-water-resort\/\"  title=\"http:\/\/marismarehotels.com\/hotels\/narcissos-water-resort\/\" target=\"_self\"><div class=\"overlay\"><\/div><div class=\"placeholder\">READ MORE<\/div><\/a><\/div>\r<!-- rt-button2 -->\r[\/vc_column][\/vc_row][vc_row css=&#8221;.vc_custom_1545060387909{padding-top: 20px !important;padding-bottom: 40px !important;}&#8221;][vc_column width=&#8221;1\/3&#8243;][vc_single_image image=&#8221;392&#8243; img_size=&#8221;360&#215;240&#8243;][vc_column_text]<a href=\"https:\/\/marismarehotels.com\/hotels\/electra-holiday-village-water-park\/\"><strong>ELECTRA HOLIDAY VILLAGE AND WATER PARK<\/strong><\/a><br \/>\nElectra FERIENDORF Ein attraktives Feriendorf im traditionellen Stil, 1,5 km vom Zentrum von Ayia Napa entfernt, in der N\u00e4he aller Restaurants, Pubs und Gesch\u00e4fte.[\/vc_column_text]\r<!-- rt-button2 -->\r<div class=\"rt-button2 element-two hover-style-one exbf9de5b0d22d933  \"  data-button-direction=\"left\" data-button-fullwidth=\"false\" ><a style=\" color: #ffffff; font-size: 13;font-family:Abril Fatface; font-weight:400; font-style:normal; \" class=\"rt-button2-main  vc_custom_1544780812888\" href=\"http:\/\/marismarehotels.com\/hotels\/electra-holiday-village-water-park\/\"  title=\"http:\/\/marismarehotels.com\/hotels\/electra-holiday-village-water-park\/\" target=\"_self\"><div class=\"overlay\"><\/div><div class=\"placeholder\">READ MORE<\/div><\/a><\/div>\r<!-- rt-button2 -->\r[\/vc_column][vc_column width=&#8221;1\/3&#8243;][vc_single_image image=&#8221;619&#8243; img_size=&#8221;360&#215;240&#8243;][vc_column_text]<a href=\"https:\/\/marismarehotels.com\/hotels\/jacaranda-hotel-apartments\/\"><strong>JACARANDA HOTEL APARTMENTS<\/strong><\/a><\/p>\n<p>Die Jacaranda Hotel Apartments liegen im Pernera-Feriengebiet, nur 300 Meter vom Strand, der eine Vielzahl von Wassersportarten bietet. In unmittelbarer N\u00e4he finden Sie zahlreiche Gesch\u00e4fte, Tavernen und Pubs.<\/p>\n<p>Das Hotel ist ca. 3 km vom Stadtzentrum von Protaras entfernt.[\/vc_column_text]\r<!-- rt-button2 -->\r<div class=\"rt-button2 element-two hover-style-one exec5e675586301d6  \"  data-button-direction=\"left\" data-button-fullwidth=\"false\" ><a style=\" color: #ffffff; font-size: 13;font-family:Abril Fatface; font-weight:400; font-style:normal; \" class=\"rt-button2-main  vc_custom_1544782715584\" href=\"http:\/\/marismarehotels.com\/hotels\/jacaranda-hotel-apartments\/\"  title=\"http:\/\/marismarehotels.com\/hotels\/jacaranda-hotel-apartments\/\" target=\"_self\"><div class=\"overlay\"><\/div><div class=\"placeholder\">READ MORE<\/div><\/a><\/div>\r<!-- rt-button2 -->\r[\/vc_column][vc_column width=&#8221;1\/3&#8243;][vc_single_image image=&#8221;1329&#8243; img_size=&#8221;360&#215;240&#8243;][vc_column_text]<strong><a href=\"https:\/\/marismarehotels.com\/hotels\/artemis-aparthotel\">ARTEMIS APARTHOTEL<\/a><\/strong><\/p>\n<p>Eine Wohnanlage mit einer ganzen Reihe exzellenter Einrichtungen im Ferienort Protaras, nur wenige Gehminuten vom Meer und dem Ortszentrum entfernt.<\/p>\n<p>&nbsp;<\/p>\n<p><strong>OPERATED BY PYTHIA HOTEL APTS LIMITED ( Artemis hotel Apts)<\/strong>[\/vc_column_text]\r<!-- rt-button2 -->\r<div class=\"rt-button2 element-two hover-style-one exdd8927233f38b34  \"  data-button-direction=\"left\" data-button-fullwidth=\"false\" ><a style=\" color: #ffffff; font-size: 13;font-family:Abril Fatface; font-weight:400; font-style:normal; \" class=\"rt-button2-main  vc_custom_1548426183416\" href=\"http:\/\/marismarehotels.com\/hotels\/artemis-aparthotel\"  title=\"http:\/\/marismarehotels.com\/hotels\/artemis-aparthotel\" target=\"_self\"><div class=\"overlay\"><\/div><div class=\"placeholder\">READ MORE<\/div><\/a><\/div>\r<!-- rt-button2 -->\r[\/vc_column][\/vc_row][vc_row css=&#8221;.vc_custom_1545060387909{padding-top: 20px !important;padding-bottom: 40px !important;}&#8221;][vc_column width=&#8221;1\/3&#8243;][\/vc_column][\/vc_row]<\/p>\n<p><\/p>","protected":false},"excerpt":{"rendered":"<p>[vc_row full_width=&#8221;stretch_row_content_no_spaces&#8221; el_id=&#8221;ctws-home-slider&#8221;][vc_column][rev_slider_vc alias=&#8221;ctws-home-slider&#8221;][\/vc_column][\/vc_row][vc_row css=&#8221;.vc_custom_1544709844291{padding-top: 20px !important;}&#8221;][vc_column width=&#8221;1\/3&#8243;][vc_single_image image=&#8221;838&#8243; img_size=&#8221;360&#215;240&#8243;][vc_column_text]AKTEON HOLIDAY VILLAGE Das Akteon Tourist Village, Kategorie A, liegt an der Strandpromenade des Dorfes Chloracas in Paphos. Es ist umgeben von malerisch angelegten G\u00e4rten mit herrlichem Blick auf das Meer.[\/vc_column_text][\/vc_column][vc_column width=&#8221;1\/3&#8243;][vc_single_image image=&#8221;653&#8243; img_size=&#8221;360&#215;240&#8243;][vc_column_text]AQUA SOL HOLIDAY VILLAGE AND WATER PARK Gem\u00e4chlich sich treiben lassen im Str\u00f6mungskanal [&hellip;]<\/p>\n","protected":false},"author":1,"featured_media":496,"parent":0,"menu_order":0,"comment_status":"closed","ping_status":"closed","template":"","meta":{"footnotes":""},"acf":[],"_links":{"self":[{"href":"https:\/\/marismarehotels.com\/de\/wp-json\/wp\/v2\/pages\/213"}],"collection":[{"href":"https:\/\/marismarehotels.com\/de\/wp-json\/wp\/v2\/pages"}],"about":[{"href":"https:\/\/marismarehotels.com\/de\/wp-json\/wp\/v2\/types\/page"}],"author":[{"embeddable":true,"href":"https:\/\/marismarehotels.com\/de\/wp-json\/wp\/v2\/users\/1"}],"replies":[{"embeddable":true,"href":"https:\/\/marismarehotels.com\/de\/wp-json\/wp\/v2\/comments?post=213"}],"version-history":[{"count":84,"href":"https:\/\/marismarehotels.com\/de\/wp-json\/wp\/v2\/pages\/213\/revisions"}],"predecessor-version":[{"id":3300,"href":"https:\/\/marismarehotels.com\/de\/wp-json\/wp\/v2\/pages\/213\/revisions\/3300"}],"wp:featuredmedia":[{"embeddable":true,"href":"https:\/\/marismarehotels.com\/de\/wp-json\/wp\/v2\/media\/496"}],"wp:attachment":[{"href":"https:\/\/marismarehotels.com\/de\/wp-json\/wp\/v2\/media?parent=213"}],"curies":[{"name":"wp","href":"https:\/\/api.w.org\/{rel}","templated":true}]}}