{"id":1232,"date":"2019-01-25T13:15:34","date_gmt":"2019-01-25T13:15:34","guid":{"rendered":"https:\/\/marismarehotels.com\/?page_id=1232"},"modified":"2025-12-04T08:04:53","modified_gmt":"2025-12-04T08:04:53","slug":"water-parks-facilities","status":"publish","type":"page","link":"https:\/\/marismarehotels.com\/de\/hotels\/narcissos-water-resort\/water-parks-facilities\/","title":{"rendered":"Water Park facilities"},"content":{"rendered":"<p>[vc_row][vc_column][vc_column_text]Wasserpark-Elemente:<\/p>\n<p>&nbsp;<\/p>\n<p>Der Wasserpark besteht aus f\u00fcnf Rutschen:<\/p>\n<p>&nbsp;<\/p>\n<p>&#8211; Kamikaze-Rutsche<\/p>\n<p>&#8211; Freifall-W\u00fcrfel-Rutsche<\/p>\n<p>&#8211; Schwarzes Loch-Rutsche<\/p>\n<p>&#8211; Offene K\u00f6rper-Rutsche<\/p>\n<p>&#8211; Mehrfach-Rutsche mit zwei Bahnen<\/p>\n<p>&nbsp;<\/p>\n<p>\u00d6ffnungszeiten des Wasserparks: 10-18 Uhr, Mai bis Oktober<\/p>\n<p>&nbsp;<\/p>\n<p>Kindereinrichtungen:<\/p>\n<p>&nbsp;<\/p>\n<p>&#8211; Kinderbecken<\/p>\n<p>&#8211; Dusch-Giraffe<\/p>\n<p>&#8211; Fr\u00f6schchen-Rutsche<\/p>\n<p>&#8211; Zwei Delphin-Rutschen<\/p>\n<p>&#8211; Pilz-Rutsche<\/p>\n<p>&#8211; Aqua-Turm mit Wasserk\u00fcbel und zwei Rutschen (breit &amp; Halbkreis)[\/vc_column_text][\/vc_column][\/vc_row][vc_row][vc_column][vc_media_grid grid_id=&#8221;vc_gid:1558344788648-c22f4d49-5147-2&#8243; include=&#8221;1256,1254,1253&#8243;][\/vc_column][\/vc_row]<\/p>","protected":false},"excerpt":{"rendered":"<p>[vc_row][vc_column][vc_column_text]Wasserpark-Elemente: &nbsp; Der Wasserpark besteht aus f\u00fcnf Rutschen: &nbsp; &#8211; Kamikaze-Rutsche &#8211; Freifall-W\u00fcrfel-Rutsche &#8211; Schwarzes Loch-Rutsche &#8211; Offene K\u00f6rper-Rutsche &#8211; Mehrfach-Rutsche mit zwei Bahnen &nbsp; \u00d6ffnungszeiten des Wasserparks: 10-18 Uhr, Mai bis Oktober &nbsp; Kindereinrichtungen: &nbsp; &#8211; Kinderbecken &#8211; Dusch-Giraffe &#8211; Fr\u00f6schchen-Rutsche &#8211; Zwei Delphin-Rutschen &#8211; Pilz-Rutsche &#8211; Aqua-Turm mit Wasserk\u00fcbel und zwei Rutschen (breit [&hellip;]<\/p>\n","protected":false},"author":1,"featured_media":2584,"parent":1220,"menu_order":0,"comment_status":"closed","ping_status":"closed","template":"page-inner.php","meta":{"footnotes":""},"acf":[],"_links":{"self":[{"href":"https:\/\/marismarehotels.com\/de\/wp-json\/wp\/v2\/pages\/1232"}],"collection":[{"href":"https:\/\/marismarehotels.com\/de\/wp-json\/wp\/v2\/pages"}],"about":[{"href":"https:\/\/marismarehotels.com\/de\/wp-json\/wp\/v2\/types\/page"}],"author":[{"embeddable":true,"href":"https:\/\/marismarehotels.com\/de\/wp-json\/wp\/v2\/users\/1"}],"replies":[{"embeddable":true,"href":"https:\/\/marismarehotels.com\/de\/wp-json\/wp\/v2\/comments?post=1232"}],"version-history":[{"count":13,"href":"https:\/\/marismarehotels.com\/de\/wp-json\/wp\/v2\/pages\/1232\/revisions"}],"predecessor-version":[{"id":3280,"href":"https:\/\/marismarehotels.com\/de\/wp-json\/wp\/v2\/pages\/1232\/revisions\/3280"}],"up":[{"embeddable":true,"href":"https:\/\/marismarehotels.com\/de\/wp-json\/wp\/v2\/pages\/1220"}],"wp:featuredmedia":[{"embeddable":true,"href":"https:\/\/marismarehotels.com\/de\/wp-json\/wp\/v2\/media\/2584"}],"wp:attachment":[{"href":"https:\/\/marismarehotels.com\/de\/wp-json\/wp\/v2\/media?parent=1232"}],"curies":[{"name":"wp","href":"https:\/\/api.w.org\/{rel}","templated":true}]}}