{"id":1228,"date":"2019-01-25T13:12:37","date_gmt":"2019-01-25T13:12:37","guid":{"rendered":"https:\/\/marismarehotels.com\/?page_id=1228"},"modified":"2019-07-25T12:51:56","modified_gmt":"2019-07-25T12:51:56","slug":"restaurants-and-bars","status":"publish","type":"page","link":"https:\/\/marismarehotels.com\/de\/hotels\/narcissos-water-resort\/restaurants-and-bars\/","title":{"rendered":"Restaurants und Bars"},"content":{"rendered":"<p>[vc_row][vc_column][vc_column_text]<strong>RESTAURANTS UND BARS:<\/strong><\/p>\n<p>&nbsp;<\/p>\n<p><strong>Mirror Restaurant: <\/strong><\/p>\n<p>Serviert Fr\u00fchst\u00fcck, Mittag- und Abendessen mit Themenbuffets inspiriert von der lokalen und internationalen K\u00fcche.<\/p>\n<p>&nbsp;<\/p>\n<p><strong>Narcissos&#8217; Pool-Bar: <\/strong><\/p>\n<p>Genie\u00dfen Sie eine gro\u00dfe Auswahl an exotischen Cocktails und allzeit beliebten klassischen Getr\u00e4nken in einer entspannten Atmosph\u00e4re.[\/vc_column_text][\/vc_column][\/vc_row][vc_row][vc_column][vc_media_grid grid_id=&#8221;vc_gid:1558344785684-2b234131-b40a-7&#8243; include=&#8221;1248,1249,1250&#8243;][\/vc_column][\/vc_row]<\/p>","protected":false},"excerpt":{"rendered":"<p>[vc_row][vc_column][vc_column_text]RESTAURANTS UND BARS: &nbsp; Mirror Restaurant: Serviert Fr\u00fchst\u00fcck, Mittag- und Abendessen mit Themenbuffets inspiriert von der lokalen und internationalen K\u00fcche. &nbsp; Narcissos&#8217; Pool-Bar: Genie\u00dfen Sie eine gro\u00dfe Auswahl an exotischen Cocktails und allzeit beliebten klassischen Getr\u00e4nken in einer entspannten Atmosph\u00e4re.[\/vc_column_text][\/vc_column][\/vc_row][vc_row][vc_column][vc_media_grid grid_id=&#8221;vc_gid:1558344785684-2b234131-b40a-7&#8243; include=&#8221;1248,1249,1250&#8243;][\/vc_column][\/vc_row]<\/p>\n","protected":false},"author":1,"featured_media":2542,"parent":1220,"menu_order":0,"comment_status":"closed","ping_status":"closed","template":"page-inner.php","meta":{"footnotes":""},"acf":[],"_links":{"self":[{"href":"https:\/\/marismarehotels.com\/de\/wp-json\/wp\/v2\/pages\/1228"}],"collection":[{"href":"https:\/\/marismarehotels.com\/de\/wp-json\/wp\/v2\/pages"}],"about":[{"href":"https:\/\/marismarehotels.com\/de\/wp-json\/wp\/v2\/types\/page"}],"author":[{"embeddable":true,"href":"https:\/\/marismarehotels.com\/de\/wp-json\/wp\/v2\/users\/1"}],"replies":[{"embeddable":true,"href":"https:\/\/marismarehotels.com\/de\/wp-json\/wp\/v2\/comments?post=1228"}],"version-history":[{"count":12,"href":"https:\/\/marismarehotels.com\/de\/wp-json\/wp\/v2\/pages\/1228\/revisions"}],"predecessor-version":[{"id":2620,"href":"https:\/\/marismarehotels.com\/de\/wp-json\/wp\/v2\/pages\/1228\/revisions\/2620"}],"up":[{"embeddable":true,"href":"https:\/\/marismarehotels.com\/de\/wp-json\/wp\/v2\/pages\/1220"}],"wp:featuredmedia":[{"embeddable":true,"href":"https:\/\/marismarehotels.com\/de\/wp-json\/wp\/v2\/media\/2542"}],"wp:attachment":[{"href":"https:\/\/marismarehotels.com\/de\/wp-json\/wp\/v2\/media?parent=1228"}],"curies":[{"name":"wp","href":"https:\/\/api.w.org\/{rel}","templated":true}]}}