{"id":1220,"date":"2019-01-25T12:43:42","date_gmt":"2019-01-25T12:43:42","guid":{"rendered":"https:\/\/marismarehotels.com\/?page_id=1220"},"modified":"2020-06-16T15:51:47","modified_gmt":"2020-06-16T15:51:47","slug":"narcissos-water-resort","status":"publish","type":"page","link":"https:\/\/marismarehotels.com\/de\/hotels\/narcissos-water-resort\/","title":{"rendered":"Narc\u0131ssos Waterpark Resort"},"content":{"rendered":"<p>[vc_row][vc_column][vc_column_text el_class=&#8221;ctws-primery-heading&#8221;]<\/p>\n<h1 style=\"text-align: center;\">NARCISSOS WATERPARK RESORT<\/h1>\n<p>[\/vc_column_text][\/vc_column][\/vc_row][vc_row][vc_column][vc_column_text]Gelegen in Protaras, in einer ruhigen und beschaulichen Umgebung in Strandn\u00e4he. Ein beeindruckendes, modern eingerichtetes Resort mit ruhigem Blick auf den Freiform-Pool mit Font\u00e4nen, Gr\u00fcnfl\u00e4chen und G\u00e4rten und einem zeitgem\u00e4\u00dfen Erlebnisbad.<\/p>\n<p>&nbsp;<\/p>\n<p>&nbsp;<\/p>\n<p>OFFIZIELLE KATEGORIE: A-Klasse f\u00fcr Hotel Apartments[\/vc_column_text][\/vc_column][\/vc_row]<\/p>","protected":false},"excerpt":{"rendered":"<p>[vc_row][vc_column][vc_column_text el_class=&#8221;ctws-primery-heading&#8221;] NARCISSOS WATERPARK RESORT [\/vc_column_text][\/vc_column][\/vc_row][vc_row][vc_column][vc_column_text]Gelegen in Protaras, in einer ruhigen und beschaulichen Umgebung in Strandn\u00e4he. Ein beeindruckendes, modern eingerichtetes Resort mit ruhigem Blick auf den Freiform-Pool mit Font\u00e4nen, Gr\u00fcnfl\u00e4chen und G\u00e4rten und einem zeitgem\u00e4\u00dfen Erlebnisbad. &nbsp; &nbsp; OFFIZIELLE KATEGORIE: A-Klasse f\u00fcr Hotel Apartments[\/vc_column_text][\/vc_column][\/vc_row]<\/p>\n","protected":false},"author":1,"featured_media":2563,"parent":213,"menu_order":0,"comment_status":"closed","ping_status":"closed","template":"page-inner.php","meta":{"footnotes":""},"acf":[],"_links":{"self":[{"href":"https:\/\/marismarehotels.com\/de\/wp-json\/wp\/v2\/pages\/1220"}],"collection":[{"href":"https:\/\/marismarehotels.com\/de\/wp-json\/wp\/v2\/pages"}],"about":[{"href":"https:\/\/marismarehotels.com\/de\/wp-json\/wp\/v2\/types\/page"}],"author":[{"embeddable":true,"href":"https:\/\/marismarehotels.com\/de\/wp-json\/wp\/v2\/users\/1"}],"replies":[{"embeddable":true,"href":"https:\/\/marismarehotels.com\/de\/wp-json\/wp\/v2\/comments?post=1220"}],"version-history":[{"count":11,"href":"https:\/\/marismarehotels.com\/de\/wp-json\/wp\/v2\/pages\/1220\/revisions"}],"predecessor-version":[{"id":2853,"href":"https:\/\/marismarehotels.com\/de\/wp-json\/wp\/v2\/pages\/1220\/revisions\/2853"}],"up":[{"embeddable":true,"href":"https:\/\/marismarehotels.com\/de\/wp-json\/wp\/v2\/pages\/213"}],"wp:featuredmedia":[{"embeddable":true,"href":"https:\/\/marismarehotels.com\/de\/wp-json\/wp\/v2\/media\/2563"}],"wp:attachment":[{"href":"https:\/\/marismarehotels.com\/de\/wp-json\/wp\/v2\/media?parent=1220"}],"curies":[{"name":"wp","href":"https:\/\/api.w.org\/{rel}","templated":true}]}}